{"id":101,"date":"2026-03-07T00:12:58","date_gmt":"2026-03-07T00:12:58","guid":{"rendered":"https:\/\/qualicall.com.br\/?page_id=101"},"modified":"2026-03-08T13:37:24","modified_gmt":"2026-03-08T13:37:24","slug":"auditorias","status":"publish","type":"page","link":"https:\/\/qualicall.com.br\/index.php\/auditorias\/","title":{"rendered":"AUDITORIAS"},"content":{"rendered":"<div data-colibri-id=\"101-c1\" class=\"style-366 style-local-101-c1 position-relative\">\n  <!---->\n  <div data-colibri-component=\"section\" data-colibri-id=\"101-c2\" id=\"custom\" class=\"h-section h-section-global-spacing d-flex align-items-lg-center align-items-md-center align-items-center style-367 style-local-101-c2 position-relative\">\n    <!---->\n    <!---->\n    <div class=\"h-section-grid-container h-section-boxed-container\">\n      <!---->\n      <div data-colibri-id=\"101-c3\" class=\"h-row-container gutters-row-lg-0 gutters-row-md-0 gutters-row-0 gutters-row-v-lg-0 gutters-row-v-md-0 gutters-row-v-0 style-368 style-local-101-c3 position-relative\">\n        <!---->\n        <div class=\"h-row justify-content-lg-center justify-content-md-center justify-content-center align-items-lg-stretch align-items-md-stretch align-items-stretch gutters-col-lg-0 gutters-col-md-0 gutters-col-0 gutters-col-v-lg-0 gutters-col-v-md-0 gutters-col-v-0\">\n          <!---->\n          <div class=\"h-column h-column-container d-flex h-col-lg-auto h-col-md-auto h-col-auto style-369-outer style-local-101-c4-outer\">\n            <div data-colibri-id=\"101-c4\" class=\"d-flex h-flex-basis h-column__inner h-px-lg-2 h-px-md-2 h-px-2 v-inner-lg-2 v-inner-md-2 v-inner-2 style-369 style-local-101-c4 position-relative\">\n              <!---->\n              <!---->\n              <div class=\"w-100 h-y-container h-column__content h-column__v-align flex-basis-100 align-self-lg-start align-self-md-start align-self-start\">\n                <!---->\n                <div data-colibri-id=\"101-c5\" class=\"h-text h-text-component style-370 style-local-101-c5 position-relative h-element\">\n                  <!---->\n                  <!---->\n                  <div class=\"\">\n                    <p><strong>AUDITORIAS<\/strong><\/p>\n                  <\/div>\n                <\/div>\n              <\/div>\n            <\/div>\n          <\/div>\n        <\/div>\n      <\/div>\n      <div data-colibri-id=\"101-c6\" class=\"h-row-container gutters-row-lg-0 gutters-row-md-0 gutters-row-0 gutters-row-v-lg-0 gutters-row-v-md-0 gutters-row-v-0 style-849 style-local-101-c6 position-relative\">\n        <!---->\n        <div class=\"h-row justify-content-lg-center justify-content-md-center justify-content-center align-items-lg-stretch align-items-md-stretch align-items-stretch gutters-col-lg-0 gutters-col-md-0 gutters-col-0 gutters-col-v-lg-0 gutters-col-v-md-0 gutters-col-v-0\">\n          <!---->\n          <div class=\"h-column h-column-container d-flex h-col-lg-auto h-col-md-auto h-col-auto style-850-outer style-local-101-c7-outer\">\n            <div data-colibri-id=\"101-c7\" class=\"d-flex h-flex-basis h-column__inner h-px-lg-0 h-px-md-0 h-px-0 v-inner-lg-0 v-inner-md-0 v-inner-0 style-850 style-local-101-c7 position-relative\">\n              <!---->\n              <!---->\n              <div class=\"w-100 h-y-container h-column__content h-column__v-align flex-basis-100 align-self-lg-start align-self-md-start align-self-start\">\n                <!---->\n                <div data-colibri-id=\"101-c16\" class=\"h-text h-text-component style-859 style-local-101-c16 position-relative h-element\">\n                  <!---->\n                  <!---->\n                  <div class=\"\">\n                    <p><strong>Podem ser realizadas em diversos est\u00e1gios:<\/strong><\/p>\n                  <\/div>\n                <\/div>\n                <div data-colibri-id=\"101-c15\" class=\"h-text h-text-component style-858 style-local-101-c15 position-relative h-element\">\n                  <!---->\n                  <!---->\n                  <div class=\"\">\n                    <p>\u2022 Diagn\u00f3sticos iniciais;<\/p>\n                    <p>\u2022 Pr\u00e9-certifica\u00e7\u00e3o;<\/p>\n                    <p>\u2022 Manuten\u00e7\u00e3o de sistemas;<\/p>\n                    <p>\u2022 Acompanhamento de a\u00e7\u00f5es corretivas;<\/p>\n                    <p>\u2022 Avalia\u00e7\u00e3o de resultados de desempenho operacional;<\/p>\n                    <p>\u2022 Desenvolvimento de fornecedores.<\/p>\n                  <\/div>\n                <\/div>\n                <div data-colibri-id=\"101-c14\" class=\"h-text h-text-component style-857 style-local-101-c14 position-relative h-element\">\n                  <!---->\n                  <!---->\n                  <div class=\"\">\n                    <p><strong>Nos mais diversos segmentos de atua\u00e7\u00e3o:<\/strong><\/p>\n                  <\/div>\n                <\/div>\n                <div data-colibri-id=\"101-c13\" class=\"h-text h-text-component style-856 style-local-101-c13 position-relative h-element\">\n                  <!---->\n                  <!---->\n                  <div class=\"\">\n                    <p>\u2022 Auditorias de sistemas de gest\u00e3o;<\/p>\n                    <p>\u2022 Auditorias de processos;<\/p>\n                    <p>\u2022 Auditorias de produto;<\/p>\n                    <p>\u2022 Auditorias de fornecedores;<\/p>\n                    <p>\u2022 Auditorias de distribuidores, entre outras.<\/p>\n                  <\/div>\n                <\/div>\n                <div data-colibri-id=\"101-c12\" class=\"h-text h-text-component style-855 style-local-101-c12 position-relative h-element\">\n                  <!---->\n                  <!---->\n                  <div class=\"\">\n                    <p><strong>Perfil dos Auditores:<\/strong><\/p>\n                  <\/div>\n                <\/div>\n                <div data-colibri-id=\"101-c11\" class=\"h-text h-text-component style-854 style-local-101-c11 position-relative h-element\">\n                  <!---->\n                  <!---->\n                  <div class=\"\">\n                    <p>\u2022 Especialistas nas normas e regulamenta\u00e7\u00f5es\/legisla\u00e7\u00f5es de refer\u00eancia;<\/p>\n                    <p>\u2022 Especialistas em sistemas integrados de gest\u00e3o;<\/p>\n                    <p>\u2022 Conhecimento de gest\u00e3o de neg\u00f3cios;<\/p>\n                    <p>\u2022 Dom\u00ednio de diferentes idiomas para Auditorias internacionais.<\/p>\n                  <\/div>\n                <\/div>\n                <div data-colibri-id=\"101-c9\" class=\"h-text h-text-component style-852 style-local-101-c9 position-relative h-element\">\n                  <!---->\n                  <!---->\n                  <div class=\"\">\n                    <p><strong>Relat\u00f3rios de Auditoria:<\/strong><\/p>\n                  <\/div>\n                <\/div>\n                <div data-colibri-id=\"101-c10\" class=\"h-text h-text-component style-853 style-local-101-c10 position-relative h-element\">\n                  <!---->\n                  <!---->\n                  <div class=\"\">\n                    <p>\u2022 Em padr\u00f5es espec\u00edficos da QUALICALL ou definidos pelos clientes;<\/p>\n                    <p>\u2022 Relat\u00f3rios de auditoria detalhados;<\/p>\n                    <p>\u2022 Relat\u00f3rios t\u00e9cnicos por elementos;<\/p>\n                    <p>\u2022 Relat\u00f3rios gerenciais;<\/p>\n                    <p>\u2022 Apresenta\u00e7\u00f5es gerenciais dos resultados.<\/p>\n                  <\/div>\n                <\/div>\n              <\/div>\n            <\/div>\n          <\/div>\n          <div class=\"h-column h-column-container d-flex h-col-lg-auto h-col-md-auto h-col-auto style-851-outer style-local-101-c8-outer\">\n            <div data-colibri-id=\"101-c8\" class=\"d-flex h-flex-basis h-column__inner h-px-lg-2 h-px-md-2 h-px-2 v-inner-lg-2 v-inner-md-2 v-inner-2 style-851 style-local-101-c8 position-relative\">\n              <!---->\n              <!---->\n              <div class=\"w-100 h-y-container h-column__content h-column__v-align flex-basis-100 align-self-lg-center align-self-md-center align-self-center\">\n                <!---->\n                <div data-colibri-id=\"101-c17\" class=\"d-block style-860 style-local-101-c17 position-relative h-element\">\n                  <!---->\n                  <div class=\"h-image__frame-container-outer\">\n                    <div class=\"h-image__frame-container\">\n                      <!---->\n                      <!---->\n                      <img loading=\"lazy\" decoding=\"async\" width=\"1706\" height=\"2558\" src=\"https:\/\/qualicall.com.br\/wp-content\/uploads\/2026\/03\/cropped-Auditorias-scaled-1.jpg\" class=\"wp-image-418 style-860-image style-local-101-c17-image\" alt=\"\" srcset=\"https:\/\/qualicall.com.br\/wp-content\/uploads\/2026\/03\/cropped-Auditorias-scaled-1.jpg 1706w, https:\/\/qualicall.com.br\/wp-content\/uploads\/2026\/03\/cropped-Auditorias-scaled-1-200x300.jpg 200w, https:\/\/qualicall.com.br\/wp-content\/uploads\/2026\/03\/cropped-Auditorias-scaled-1-683x1024.jpg 683w, https:\/\/qualicall.com.br\/wp-content\/uploads\/2026\/03\/cropped-Auditorias-scaled-1-768x1152.jpg 768w, https:\/\/qualicall.com.br\/wp-content\/uploads\/2026\/03\/cropped-Auditorias-scaled-1-1024x1536.jpg 1024w, https:\/\/qualicall.com.br\/wp-content\/uploads\/2026\/03\/cropped-Auditorias-scaled-1-1366x2048.jpg 1366w\" sizes=\"auto, (max-width: 1706px) 100vw, 1706px\" \/>\n                      <div class=\"h-image__frame h-hide-lg h-hide-md h-hide-sm style-860-frameImage style-local-101-c17-frameImage\"><\/div>\n                    <\/div>\n                  <\/div>\n                <\/div>\n              <\/div>\n            <\/div>\n          <\/div>\n        <\/div>\n      <\/div>\n    <\/div>\n  <\/div>\n<\/div>","protected":false},"excerpt":{"rendered":"<p>AUDITORIAS Podem ser realizadas em diversos est\u00e1gios: \u2022 Diagn\u00f3sticos iniciais; \u2022 Pr\u00e9-certifica\u00e7\u00e3o; \u2022 Manuten\u00e7\u00e3o de sistemas; \u2022 Acompanhamento de a\u00e7\u00f5es corretivas; \u2022 Avalia\u00e7\u00e3o de resultados de desempenho operacional; \u2022 Desenvolvimento de fornecedores. Nos mais diversos segmentos de atua\u00e7\u00e3o: \u2022 Auditorias de sistemas de gest\u00e3o; \u2022 Auditorias de processos; \u2022 Auditorias de produto; \u2022 Auditorias de [&hellip;]<\/p>\n","protected":false},"author":2,"featured_media":0,"parent":0,"menu_order":0,"comment_status":"closed","ping_status":"closed","template":"page-templates\/full-width-page.php","meta":{"footnotes":""},"class_list":["post-101","page","type-page","status-publish","hentry"],"_links":{"self":[{"href":"https:\/\/qualicall.com.br\/index.php\/wp-json\/wp\/v2\/pages\/101","targetHints":{"allow":["GET"]}}],"collection":[{"href":"https:\/\/qualicall.com.br\/index.php\/wp-json\/wp\/v2\/pages"}],"about":[{"href":"https:\/\/qualicall.com.br\/index.php\/wp-json\/wp\/v2\/types\/page"}],"author":[{"embeddable":true,"href":"https:\/\/qualicall.com.br\/index.php\/wp-json\/wp\/v2\/users\/2"}],"replies":[{"embeddable":true,"href":"https:\/\/qualicall.com.br\/index.php\/wp-json\/wp\/v2\/comments?post=101"}],"version-history":[{"count":5,"href":"https:\/\/qualicall.com.br\/index.php\/wp-json\/wp\/v2\/pages\/101\/revisions"}],"predecessor-version":[{"id":441,"href":"https:\/\/qualicall.com.br\/index.php\/wp-json\/wp\/v2\/pages\/101\/revisions\/441"}],"wp:attachment":[{"href":"https:\/\/qualicall.com.br\/index.php\/wp-json\/wp\/v2\/media?parent=101"}],"curies":[{"name":"wp","href":"https:\/\/api.w.org\/{rel}","templated":true}]}}