{"id":68,"date":"2026-03-06T21:27:10","date_gmt":"2026-03-06T21:27:10","guid":{"rendered":"https:\/\/qualicall.com.br\/?page_id=68"},"modified":"2026-03-19T14:47:20","modified_gmt":"2026-03-19T14:47:20","slug":"home","status":"publish","type":"page","link":"https:\/\/qualicall.com.br\/index.php\/home\/","title":{"rendered":"HOME"},"content":{"rendered":"<div data-colibri-id=\"68-c1\" class=\"style-354 style-local-68-c1 position-relative\">\n  <!---->\n  <div data-colibri-component=\"section\" data-colibri-id=\"68-c2\" id=\"custom\" class=\"h-section h-section-global-spacing d-flex align-items-lg-start align-items-md-start align-items-start style-355 style-local-68-c2 position-relative\">\n    <!---->\n    <!---->\n    <div class=\"h-section-grid-container h-section-boxed-container\">\n      <!---->\n      <div data-colibri-id=\"68-c3\" class=\"h-row-container gutters-row-lg-0 gutters-row-md-0 gutters-row-0 gutters-row-v-lg-0 gutters-row-v-md-0 gutters-row-v-0 style-456 style-local-68-c3 position-relative\">\n        <!---->\n        <div class=\"h-row justify-content-lg-center justify-content-md-center justify-content-center align-items-lg-stretch align-items-md-stretch align-items-stretch gutters-col-lg-0 gutters-col-md-0 gutters-col-0 gutters-col-v-lg-0 gutters-col-v-md-0 gutters-col-v-0\">\n          <!---->\n          <div class=\"h-column h-column-container d-flex h-col-lg-auto h-col-md-auto h-col-auto style-458-outer style-local-68-c4-outer\">\n            <div data-colibri-id=\"68-c4\" class=\"d-flex h-flex-basis h-column__inner h-px-lg-0 h-px-md-0 h-px-0 v-inner-lg-0 v-inner-md-0 v-inner-0 style-458 style-local-68-c4 position-relative\">\n              <!---->\n              <!---->\n              <div class=\"w-100 h-y-container h-column__content h-column__v-align flex-basis-100 align-self-lg-start align-self-md-start align-self-start\">\n                <!---->\n                <div data-colibri-id=\"68-c5\" class=\"h-text h-text-component style-460 style-local-68-c5 position-relative h-element\">\n                  <!---->\n                  <!---->\n                  <div class=\"\">\n                    <p>A QUALICALL integra conceitos de gest\u00e3o por meio de:<\/p>\n                  <\/div>\n                <\/div>\n              <\/div>\n            <\/div>\n          <\/div>\n        <\/div>\n      <\/div>\n      <div data-colibri-id=\"68-c6\" class=\"h-row-container gutters-row-lg-0 gutters-row-md-0 gutters-row-0 gutters-row-v-lg-0 gutters-row-v-md-0 gutters-row-v-0 style-453 style-local-68-c6 position-relative\">\n        <!---->\n        <div class=\"h-row justify-content-lg-center justify-content-md-center justify-content-center align-items-lg-stretch align-items-md-stretch align-items-stretch gutters-col-lg-0 gutters-col-md-0 gutters-col-0 gutters-col-v-lg-0 gutters-col-v-md-0 gutters-col-v-0\">\n          <!---->\n          <div class=\"h-column h-column-container d-flex h-col-lg-auto h-col-md-auto h-col-auto style-455-outer style-local-68-c7-outer\">\n            <div data-colibri-id=\"68-c7\" class=\"d-flex h-flex-basis h-column__inner h-px-lg-0 h-px-md-0 h-px-0 v-inner-lg-0 v-inner-md-0 v-inner-0 style-455 style-local-68-c7 position-relative\">\n              <!---->\n              <!---->\n              <div class=\"w-100 h-y-container h-column__content h-column__v-align flex-basis-100 align-self-lg-start align-self-md-start align-self-start\">\n                <!---->\n                <div data-colibri-id=\"68-c8\" class=\"d-block style-459 style-local-68-c8 position-relative h-element\">\n                  <!---->\n                  <div class=\"h-image__frame-container-outer\">\n                    <div class=\"h-image__frame-container\">\n                      <!---->\n                      <!---->\n                      <img loading=\"lazy\" decoding=\"async\" width=\"1165\" height=\"543\" src=\"https:\/\/qualicall.com.br\/wp-content\/uploads\/2026\/03\/cropped-cropped-Quebra-Cabeca-1.png\" class=\"wp-image-202 style-459-image style-local-68-c8-image\" alt=\"\" srcset=\"https:\/\/qualicall.com.br\/wp-content\/uploads\/2026\/03\/cropped-cropped-Quebra-Cabeca-1.png 1165w, https:\/\/qualicall.com.br\/wp-content\/uploads\/2026\/03\/cropped-cropped-Quebra-Cabeca-1-300x140.png 300w, https:\/\/qualicall.com.br\/wp-content\/uploads\/2026\/03\/cropped-cropped-Quebra-Cabeca-1-1024x477.png 1024w, https:\/\/qualicall.com.br\/wp-content\/uploads\/2026\/03\/cropped-cropped-Quebra-Cabeca-1-768x358.png 768w\" sizes=\"auto, (max-width: 1165px) 100vw, 1165px\" \/>\n                      <div class=\"h-image__frame h-hide-lg h-hide-md h-hide-sm style-459-frameImage style-local-68-c8-frameImage\"><\/div>\n                    <\/div>\n                  <\/div>\n                <\/div>\n              <\/div>\n            <\/div>\n          <\/div>\n        <\/div>\n      <\/div>\n      <div data-colibri-id=\"68-c9\" class=\"h-row-container gutters-row-lg-2 gutters-row-md-2 gutters-row-0 gutters-row-v-lg-2 gutters-row-v-md-2 gutters-row-v-2 style-413 style-local-68-c9 position-relative\">\n        <!---->\n        <div class=\"h-row justify-content-lg-center justify-content-md-center justify-content-center align-items-lg-stretch align-items-md-stretch align-items-stretch gutters-col-lg-2 gutters-col-md-2 gutters-col-0 gutters-col-v-lg-2 gutters-col-v-md-2 gutters-col-v-2\">\n          <!---->\n          <div class=\"h-column h-column-container d-flex h-col-lg-auto h-col-md-auto h-col-auto style-414-outer style-local-68-c10-outer\">\n            <div data-colibri-id=\"68-c10\" class=\"d-flex h-flex-basis h-column__inner h-px-lg-2 h-px-md-2 h-px-2 v-inner-lg-2 v-inner-md-2 v-inner-2 style-414 style-local-68-c10 position-relative\">\n              <!---->\n              <!---->\n              <div class=\"w-100 h-y-container h-column__content h-column__v-align flex-basis-100 align-self-lg-start align-self-md-start align-self-start\">\n                <!---->\n                <div data-colibri-id=\"68-c11\" class=\"h-text h-text-component style-420 style-local-68-c11 position-relative h-element\">\n                  <!---->\n                  <!---->\n                  <div class=\"\">\n                    <p><strong>Servi\u00e7os<\/strong><\/p>\n                  <\/div>\n                <\/div>\n                <div data-colibri-id=\"68-c12\" class=\"h-text h-text-component style-416 style-local-68-c12 position-relative h-element\">\n                  <!---->\n                  <!---->\n                  <div class=\"\">\n                    <p>Treinamentos Abertos e In-company<\/p>\n                    <p>Assessorias<\/p>\n                    <p>Auditorias<\/p>\n                    <p>Desenvolvimento de Fornecedores<\/p>\n                    <p>Tradu\u00e7\u00f5es T\u00e9cnicas e N\u00e3o T\u00e9cnicas<\/p>\n                  <\/div>\n                <\/div>\n              <\/div>\n            <\/div>\n          <\/div>\n          <div class=\"h-column h-column-container d-flex h-col-lg-auto h-col-md-auto h-col-auto style-415-outer style-local-68-c13-outer\">\n            <div data-colibri-id=\"68-c13\" class=\"d-flex h-flex-basis h-column__inner h-px-lg-2 h-px-md-2 h-px-2 v-inner-lg-2 v-inner-md-2 v-inner-2 style-415 style-local-68-c13 position-relative\">\n              <!---->\n              <!---->\n              <div class=\"w-100 h-y-container h-column__content h-column__v-align flex-basis-100 align-self-lg-start align-self-md-start align-self-start\">\n                <!---->\n                <div data-colibri-id=\"68-c14\" class=\"h-text h-text-component style-419 style-local-68-c14 position-relative h-element\">\n                  <!---->\n                  <!---->\n                  <div class=\"\">\n                    <p><strong>Servi\u00e7os Especializados<\/strong><\/p>\n                  <\/div>\n                <\/div>\n                <div data-colibri-id=\"68-c15\" class=\"h-text h-text-component style-417 style-local-68-c15 position-relative h-element\">\n                  <!---->\n                  <!---->\n                  <div class=\"\">\n                    <p>Pesquisa de Satisfa\u00e7\u00e3o de Clientes<\/p>\n                    <p>Mapeamento de Processos com Foco em Valor Agregado<\/p>\n                    <p>Avalia\u00e7\u00e3o do N\u00edvel de Maturidade dos Processos<\/p>\n                    <p>Planejamento e Gerenciamento de Projetos<\/p>\n                  <\/div>\n                <\/div>\n              <\/div>\n            <\/div>\n          <\/div>\n        <\/div>\n      <\/div>\n      <div data-colibri-id=\"68-c16\" class=\"h-row-container gutters-row-lg-1 gutters-row-md-1 gutters-row-0 gutters-row-v-lg-1 gutters-row-v-md-1 gutters-row-v-1 style-427 style-local-68-c16 position-relative\">\n        <!---->\n        <div class=\"h-row justify-content-lg-center justify-content-md-center justify-content-center align-items-lg-stretch align-items-md-stretch align-items-stretch gutters-col-lg-1 gutters-col-md-1 gutters-col-0 gutters-col-v-lg-1 gutters-col-v-md-1 gutters-col-v-1\">\n          <!---->\n          <div class=\"h-column h-column-container d-flex h-col-lg-auto h-col-md-auto h-col-auto style-428-outer style-local-68-c17-outer\">\n            <div data-colibri-id=\"68-c17\" class=\"d-flex h-flex-basis h-column__inner h-px-lg-0 h-px-md-0 h-px-0 v-inner-lg-0 v-inner-md-0 v-inner-0 style-428 style-local-68-c17 position-relative\">\n              <!---->\n              <!---->\n              <div class=\"w-100 h-y-container h-column__content h-column__v-align flex-basis-100 align-self-lg-start align-self-md-start align-self-start\">\n                <!---->\n                <div data-colibri-id=\"68-c18\" class=\"h-text h-text-component style-436 style-local-68-c18 position-relative h-element\">\n                  <!---->\n                  <!---->\n                  <div class=\"\">\n                    <p><strong>Regi\u00f5es de Atua\u00e7\u00e3o<\/strong><\/p>\n                  <\/div>\n                <\/div>\n              <\/div>\n            <\/div>\n          <\/div>\n        <\/div>\n      <\/div>\n      <div data-colibri-id=\"68-c19\" class=\"h-row-container gutters-row-lg-2 gutters-row-md-2 gutters-row-0 gutters-row-v-lg-2 gutters-row-v-md-2 gutters-row-v-2 style-438 style-local-68-c19 position-relative\">\n        <!---->\n        <div class=\"h-row justify-content-lg-center justify-content-md-center justify-content-center align-items-lg-stretch align-items-md-stretch align-items-stretch gutters-col-lg-2 gutters-col-md-2 gutters-col-0 gutters-col-v-lg-2 gutters-col-v-md-2 gutters-col-v-2\">\n          <!---->\n          <div class=\"h-column h-column-container d-flex h-col-lg-auto h-col-md-auto h-col-auto style-439-outer style-local-68-c20-outer\">\n            <div data-colibri-id=\"68-c20\" class=\"d-flex h-flex-basis h-column__inner h-px-lg-2 h-px-md-2 h-px-2 v-inner-lg-2 v-inner-md-2 v-inner-2 style-439 style-local-68-c20 position-relative\">\n              <!---->\n              <!---->\n              <div class=\"w-100 h-y-container h-column__content h-column__v-align flex-basis-100 align-self-lg-start align-self-md-start align-self-start\">\n                <!---->\n                <div data-colibri-id=\"68-c21\" class=\"d-block style-440 style-local-68-c21 position-relative h-element\">\n                  <!---->\n                  <div class=\"h-image__frame-container-outer\">\n                    <div class=\"h-image__frame-container\">\n                      <!---->\n                      <!---->\n                      <img decoding=\"async\" src=\"https:\/\/qualicall.com.br\/wp-content\/uploads\/2026\/03\/cropped-Mapa-set2023-1.jpg\" class=\"style-440-image style-local-68-c21-image\">\n                      <div class=\"h-image__frame h-hide-lg h-hide-md h-hide-sm style-440-frameImage style-local-68-c21-frameImage\"><\/div>\n                    <\/div>\n                  <\/div>\n                <\/div>\n              <\/div>\n            <\/div>\n          <\/div>\n        <\/div>\n      <\/div>\n      <div data-colibri-id=\"68-c22\" class=\"h-row-container gutters-row-lg-2 gutters-row-md-2 gutters-row-0 gutters-row-v-lg-2 gutters-row-v-md-2 gutters-row-v-2 style-430 style-local-68-c22 position-relative\">\n        <!---->\n        <div class=\"h-row justify-content-lg-center justify-content-md-center justify-content-center align-items-lg-stretch align-items-md-stretch align-items-stretch gutters-col-lg-2 gutters-col-md-2 gutters-col-0 gutters-col-v-lg-2 gutters-col-v-md-2 gutters-col-v-2\">\n          <!---->\n          <div class=\"h-column h-column-container d-flex h-col-lg-auto h-col-md-auto h-col-auto style-431-outer style-local-68-c23-outer\">\n            <div data-colibri-id=\"68-c23\" class=\"d-flex h-flex-basis h-column__inner h-px-lg-2 h-px-md-2 h-px-2 v-inner-lg-2 v-inner-md-2 v-inner-2 style-431 style-local-68-c23 position-relative\">\n              <!---->\n              <!---->\n              <div class=\"w-100 h-y-container h-column__content h-column__v-align flex-basis-100 align-self-lg-start align-self-md-start align-self-start\">\n                <!---->\n                <div data-colibri-id=\"68-c24\" class=\"h-text h-text-component style-441 style-local-68-c24 position-relative h-element\">\n                  <!---->\n                  <!---->\n                  <div class=\"\">\n                    <p><strong>Vis\u00e3o<\/strong><\/p>\n                  <\/div>\n                <\/div>\n                <div data-colibri-id=\"68-c25\" class=\"h-text h-text-component style-442 style-local-68-c25 position-relative h-element\">\n                  <!---->\n                  <!---->\n                  <div class=\"\">\n                    <p>O mercado industrial, de servi\u00e7os e e-business reconhecer\u00e3o a QUALICALL como uma empresa pequena, coesa e competitiva, por\u00e9m muito grande na sua base de conhecimento para oferecer aos seus clientes.<\/p>\n                  <\/div>\n                <\/div>\n                <div data-colibri-id=\"68-c26\" class=\"h-text h-text-component style-444 style-local-68-c26 position-relative h-element\">\n                  <!---->\n                  <!---->\n                  <div class=\"\">\n                    <p><strong>Miss\u00e3o<\/strong><\/p>\n                  <\/div>\n                <\/div>\n                <div data-colibri-id=\"68-c27\" class=\"h-text h-text-component style-443 style-local-68-c27 position-relative h-element\">\n                  <!---->\n                  <!---->\n                  <div class=\"\">\n                    <p>Melhorar consistentemente os resultados das empresas, proporcionando as melhores e mais atualizadas pr\u00e1ticas de gest\u00e3o atrav\u00e9s de treinamento, assessorias e atendimento t\u00e9cnico.<\/p>\n                  <\/div>\n                <\/div>\n                <div data-colibri-id=\"68-c28\" class=\"h-text h-text-component style-448 style-local-68-c28 position-relative h-element\">\n                  <!---->\n                  <!---->\n                  <div class=\"\">\n                    <p><strong>Valores<\/strong><\/p>\n                  <\/div>\n                <\/div>\n                <div data-colibri-id=\"68-c29\" class=\"h-text h-text-component style-449 style-local-68-c29 position-relative h-element\">\n                  <!---->\n                  <!---->\n                  <div class=\"\">\n                    <p>\u2022 CRIATIVIDADE \u2013 ser\u00e1 expressa em todos os materiais t\u00e9cnicos e servi\u00e7os realizados;<\/p>\n                    <p>\u2022 PERSONALIZA\u00c7\u00c3O \u2013 \u00e9 a linha de relacionamento adotada com os clientes;<\/p>\n                    <p>\u2022 FOCO EM RESULTADOS \u2013 resultados positivos para os clientes ir\u00e3o estimular melhores resultados para a empresa, colaboradores e parceiros.<\/p>\n                  <\/div>\n                <\/div>\n                <div data-colibri-id=\"68-c30\" class=\"h-text h-text-component style-450 style-local-68-c30 position-relative h-element\">\n                  <!---->\n                  <!---->\n                  <div class=\"\">\n                    <p><strong>Pol\u00edtica da Qualidade<\/strong><\/p>\n                  <\/div>\n                <\/div>\n                <div data-colibri-id=\"68-c31\" class=\"h-text h-text-component style-451 style-local-68-c31 position-relative h-element\">\n                  <!---->\n                  <!---->\n                  <div class=\"\">\n                    <p>Informar e assessorar as organiza\u00e7\u00f5es de forma criativa e personalizada, com uma estrutura de profissionais qualificados, que proporcionar\u00e3o conhecimentos atualizados para a gest\u00e3o do neg\u00f3cio das organiza\u00e7\u00f5es, com qualidade.<\/p>\n                  <\/div>\n                <\/div>\n              <\/div>\n            <\/div>\n          <\/div>\n        <\/div>\n      <\/div>\n    <\/div>\n  <\/div>\n<\/div>","protected":false},"excerpt":{"rendered":"<p>A QUALICALL integra conceitos de gest\u00e3o por meio de: Servi\u00e7os Treinamentos Abertos e In-company Assessorias Auditorias Desenvolvimento de Fornecedores Tradu\u00e7\u00f5es T\u00e9cnicas e N\u00e3o T\u00e9cnicas Servi\u00e7os Especializados Pesquisa de Satisfa\u00e7\u00e3o de Clientes Mapeamento de Processos com Foco em Valor Agregado Avalia\u00e7\u00e3o do N\u00edvel de Maturidade dos Processos Planejamento e Gerenciamento de Projetos Regi\u00f5es de Atua\u00e7\u00e3o Vis\u00e3o [&hellip;]<\/p>\n","protected":false},"author":2,"featured_media":0,"parent":0,"menu_order":0,"comment_status":"closed","ping_status":"closed","template":"page-templates\/full-width-page.php","meta":{"footnotes":""},"class_list":["post-68","page","type-page","status-publish","hentry"],"_links":{"self":[{"href":"https:\/\/qualicall.com.br\/index.php\/wp-json\/wp\/v2\/pages\/68","targetHints":{"allow":["GET"]}}],"collection":[{"href":"https:\/\/qualicall.com.br\/index.php\/wp-json\/wp\/v2\/pages"}],"about":[{"href":"https:\/\/qualicall.com.br\/index.php\/wp-json\/wp\/v2\/types\/page"}],"author":[{"embeddable":true,"href":"https:\/\/qualicall.com.br\/index.php\/wp-json\/wp\/v2\/users\/2"}],"replies":[{"embeddable":true,"href":"https:\/\/qualicall.com.br\/index.php\/wp-json\/wp\/v2\/comments?post=68"}],"version-history":[{"count":8,"href":"https:\/\/qualicall.com.br\/index.php\/wp-json\/wp\/v2\/pages\/68\/revisions"}],"predecessor-version":[{"id":797,"href":"https:\/\/qualicall.com.br\/index.php\/wp-json\/wp\/v2\/pages\/68\/revisions\/797"}],"wp:attachment":[{"href":"https:\/\/qualicall.com.br\/index.php\/wp-json\/wp\/v2\/media?parent=68"}],"curies":[{"name":"wp","href":"https:\/\/api.w.org\/{rel}","templated":true}]}}