{"id":7,"date":"2026-03-06T12:31:27","date_gmt":"2026-03-06T12:31:27","guid":{"rendered":"https:\/\/qualicall.com.br\/index.php\/colibri-wp\/"},"modified":"2026-03-10T13:11:48","modified_gmt":"2026-03-10T13:11:48","slug":"colibri-wp","status":"publish","type":"page","link":"https:\/\/qualicall.com.br\/","title":{"rendered":"Front Page"},"content":{"rendered":"<div data-colibri-id=\"7-c1\" class=\"style-190 style-local-7-c1 position-relative\">\n  <!---->\n  <div data-colibri-component=\"section\" data-colibri-id=\"7-c2\" id=\"about\" class=\"h-section h-section-global-spacing d-flex align-items-lg-center align-items-md-center align-items-center style-198 style-local-7-c2 position-relative\">\n    <!---->\n    <!---->\n    <div class=\"h-section-grid-container h-section-boxed-container\">\n      <!---->\n      <div data-colibri-id=\"7-c3\" class=\"h-row-container gutters-row-lg-0 gutters-row-md-0 gutters-row-0 gutters-row-v-lg-0 gutters-row-v-md-0 gutters-row-v-0 style-199 style-local-7-c3 position-relative\">\n        <!---->\n        <div class=\"h-row justify-content-lg-center justify-content-md-center justify-content-center align-items-lg-stretch align-items-md-stretch align-items-stretch gutters-col-lg-0 gutters-col-md-0 gutters-col-0 gutters-col-v-lg-0 gutters-col-v-md-0 gutters-col-v-0\">\n          <!---->\n          <div class=\"h-column h-column-container d-flex h-col-lg-auto h-col-md-auto h-col-auto style-200-outer style-local-7-c4-outer\">\n            <div data-colibri-id=\"7-c4\" class=\"d-flex h-flex-basis h-column__inner h-px-lg-0 h-px-md-0 h-px-0 v-inner-lg-0 v-inner-md-0 v-inner-0 style-200 style-local-7-c4 position-relative\">\n              <!---->\n              <!---->\n              <div class=\"w-100 h-y-container h-column__content h-column__v-align flex-basis-100 align-self-lg-start align-self-md-start align-self-start\">\n                <!---->\n                <div data-colibri-id=\"7-c5\" class=\"h-global-transition-all h-heading style-202 style-local-7-c5 position-relative h-element\">\n                  <!---->\n                  <div class=\"h-heading__outer style-202 style-local-7-c5\">\n                    <!---->\n                    <!---->\n                    <h5 class=\"\"><strong>Bem-vindo<\/strong><\/h5>\n                  <\/div>\n                <\/div>\n                <div data-colibri-id=\"7-c6\" class=\"h-text h-text-component style-203 style-local-7-c6 position-relative h-element\">\n                  <!---->\n                  <!---->\n                  <div class=\"\">\n                    <p>30 Anos! Chegamos em 2026 uma marca inimagin\u00e1vel e quase imposs\u00edvel de atingir quando tudo come\u00e7ou. O que \u00e9 uma realidade agora, se construiu gra\u00e7as a todos os clientes, consultores, fornecedores e parceiros que atuaram ao longo desses\n                      anos e, \u00e0s amizades constru\u00eddas durante esta hist\u00f3ria. Nossa atua\u00e7\u00e3o global reflete o caminho trilhado ao longo desse per\u00edodo e continuaremos trilhando esse caminho com <strong>C<\/strong>riatividade, <strong>P<\/strong>ersonaliza\u00e7\u00e3o\n                      e <strong>F<\/strong>oco em Resultados, que \u00e9 o nosso <strong>CPF<\/strong>, para n\u00e3o dizer o nosso DNA. Muito obrigado a todos! Que venham muitos anos mais!<\/p>\n                  <\/div>\n                <\/div>\n              <\/div>\n            <\/div>\n          <\/div>\n          <div class=\"h-column h-column-container d-flex h-col-lg-auto h-col-md-auto h-col-auto style-334-outer style-local-7-c7-outer\">\n            <div data-colibri-id=\"7-c7\" class=\"d-flex h-flex-basis h-column__inner h-px-lg-2 h-px-md-2 h-px-2 v-inner-lg-2 v-inner-md-2 v-inner-2 style-334 style-local-7-c7 position-relative\">\n              <!---->\n              <!---->\n              <div class=\"w-100 h-y-container h-column__content h-column__v-align flex-basis-100 align-self-lg-center align-self-md-center align-self-center\">\n                <!---->\n                <div data-colibri-id=\"7-c8\" class=\"d-block style-1182 style-local-7-c8 position-relative h-element\">\n                  <!---->\n                  <div class=\"h-image__frame-container-outer\">\n                    <div class=\"h-image__frame-container\">\n                      <!---->\n                      <!---->\n                      <img loading=\"lazy\" decoding=\"async\" width=\"2504\" height=\"768\" src=\"https:\/\/qualicall.com.br\/wp-content\/uploads\/2026\/03\/cropped-QUALICALL-30YEARS-1-scaled-2.png\" class=\"wp-image-622 style-1182-image style-local-7-c8-image\" alt=\"\" srcset=\"https:\/\/qualicall.com.br\/wp-content\/uploads\/2026\/03\/cropped-QUALICALL-30YEARS-1-scaled-2.png 2504w, https:\/\/qualicall.com.br\/wp-content\/uploads\/2026\/03\/cropped-QUALICALL-30YEARS-1-scaled-2-300x92.png 300w, https:\/\/qualicall.com.br\/wp-content\/uploads\/2026\/03\/cropped-QUALICALL-30YEARS-1-scaled-2-1024x314.png 1024w, https:\/\/qualicall.com.br\/wp-content\/uploads\/2026\/03\/cropped-QUALICALL-30YEARS-1-scaled-2-768x236.png 768w, https:\/\/qualicall.com.br\/wp-content\/uploads\/2026\/03\/cropped-QUALICALL-30YEARS-1-scaled-2-1536x471.png 1536w, https:\/\/qualicall.com.br\/wp-content\/uploads\/2026\/03\/cropped-QUALICALL-30YEARS-1-scaled-2-2048x628.png 2048w\" sizes=\"auto, (max-width: 2504px) 100vw, 2504px\" \/>\n                      <div class=\"h-image__frame h-hide-lg h-hide-md h-hide-sm style-1182-frameImage style-local-7-c8-frameImage\"><\/div>\n                    <\/div>\n                  <\/div>\n                <\/div>\n              <\/div>\n            <\/div>\n          <\/div>\n        <\/div>\n      <\/div>\n    <\/div>\n  <\/div>\n<\/div>","protected":false},"excerpt":{"rendered":"<p>Bem-vindo 30 Anos! Chegamos em 2026 uma marca inimagin\u00e1vel e quase imposs\u00edvel de atingir quando tudo come\u00e7ou. O que \u00e9 uma realidade agora, se construiu gra\u00e7as a todos os clientes, consultores, fornecedores e parceiros que atuaram ao longo desses anos e, \u00e0s amizades constru\u00eddas durante esta hist\u00f3ria. Nossa atua\u00e7\u00e3o global reflete o caminho trilhado ao [&hellip;]<\/p>\n","protected":false},"author":2,"featured_media":0,"parent":0,"menu_order":0,"comment_status":"closed","ping_status":"closed","template":"page-templates\/homepage.php","meta":{"footnotes":""},"class_list":["post-7","page","type-page","status-publish","hentry"],"_links":{"self":[{"href":"https:\/\/qualicall.com.br\/index.php\/wp-json\/wp\/v2\/pages\/7","targetHints":{"allow":["GET"]}}],"collection":[{"href":"https:\/\/qualicall.com.br\/index.php\/wp-json\/wp\/v2\/pages"}],"about":[{"href":"https:\/\/qualicall.com.br\/index.php\/wp-json\/wp\/v2\/types\/page"}],"author":[{"embeddable":true,"href":"https:\/\/qualicall.com.br\/index.php\/wp-json\/wp\/v2\/users\/2"}],"replies":[{"embeddable":true,"href":"https:\/\/qualicall.com.br\/index.php\/wp-json\/wp\/v2\/comments?post=7"}],"version-history":[{"count":8,"href":"https:\/\/qualicall.com.br\/index.php\/wp-json\/wp\/v2\/pages\/7\/revisions"}],"predecessor-version":[{"id":768,"href":"https:\/\/qualicall.com.br\/index.php\/wp-json\/wp\/v2\/pages\/7\/revisions\/768"}],"wp:attachment":[{"href":"https:\/\/qualicall.com.br\/index.php\/wp-json\/wp\/v2\/media?parent=7"}],"curies":[{"name":"wp","href":"https:\/\/api.w.org\/{rel}","templated":true}]}}